{"id":11370,"date":"2025-08-29T17:24:48","date_gmt":"2025-08-29T17:24:48","guid":{"rendered":"https:\/\/eicytec.unat.edu.pe\/?page_id=11370"},"modified":"2026-03-10T18:01:34","modified_gmt":"2026-03-10T18:01:34","slug":"proy-culminado","status":"publish","type":"page","link":"https:\/\/vri.unat.edu.pe\/inci\/proy-culminado\/","title":{"rendered":"Proyecto FOCAM culminado"},"content":{"rendered":"\t\t<div data-elementor-type=\"wp-page\" data-elementor-id=\"11370\" class=\"elementor elementor-11370\">\n\t\t\t\t\t\t\t        <section class=\"elementor-section elementor-top-section elementor-element elementor-element-35b59b7 elementor-section-boxed elementor-section-height-default elementor-section-height-default ct-header-fixed-none header-none c1230-none c1350-none c1390-none c1450-none ct-column-none ct-row-scroll-none\" data-id=\"35b59b7\" data-element_type=\"section\">\n            \n                        <div class=\"elementor-container elementor-column-gap-default \">\n                    <div class=\"elementor-column elementor-col-100 elementor-top-column elementor-element elementor-element-8586b14 ct-column-none col-offset-none\" data-id=\"8586b14\" data-element_type=\"column\">\n            <div class=\"elementor-widget-wrap elementor-element-populated\">\n                        \t\t<div class=\"elementor-element elementor-element-6ba001d elementor-widget elementor-widget-ct_text_editor\" data-id=\"6ba001d\" data-element_type=\"widget\" data-widget_type=\"ct_text_editor.default\">\n\t\t\t\t<div class=\"elementor-widget-container\">\n\t\t\t<div id=\"ct_text_editor-6ba001d\" class=\"ct-text-editor \" data-wow-delay=\"ms\">\n\t<div class=\"ct-inline-css\"  data-css=\"\n        \t\t\">\n\n    <\/div>\n\t<div class=\"ct-text-editor elementor-clearfix\">\n\t\t<h1 style=\"color: #640000;text-align: center\"><strong>PROYECTO CULMINADO<\/strong><\/h1>\n<h3 style=\"text-align: center\">Universidad Nacional Aut\u00f3noma de Tayacaja Daniel Hern\u00e1ndez Morillo<\/h3>\n<h3 style=\"color: #640000;text-align: center\">Diciembre 2025<\/h3>\t\t\n\t<\/div>\n<\/div>\t\t<\/div>\n\t\t\t\t<\/div>\n\t\t            <\/div>\n        <\/div>\n                            <\/div>\n        <\/section>\n                <section class=\"elementor-section elementor-top-section elementor-element elementor-element-8556017 elementor-section-boxed elementor-section-height-default elementor-section-height-default ct-header-fixed-none header-none c1230-none c1350-none c1390-none c1450-none ct-column-none ct-row-scroll-none\" data-id=\"8556017\" data-element_type=\"section\">\n            \n                        <div class=\"elementor-container elementor-column-gap-default \">\n                    <div class=\"elementor-column elementor-col-100 elementor-top-column elementor-element elementor-element-af19e84 ct-column-none col-offset-none\" data-id=\"af19e84\" data-element_type=\"column\">\n            <div class=\"elementor-widget-wrap elementor-element-populated\">\n                        \t\t<div class=\"elementor-element elementor-element-5e2a53a elementor-widget elementor-widget-ct_heading\" data-id=\"5e2a53a\" data-element_type=\"widget\" data-widget_type=\"ct_heading.default\">\n\t\t\t\t<div class=\"elementor-widget-container\">\n\t\t\t<div class=\"ct-heading h-align- item-st-default\">\r\n\t\t\t<div class=\"item--sub-title style-default\">\r\n            <span>\r\n                                Proyecto de Investigaci\u00f3n            <\/span>\r\n        <\/div>\r\n\t    <h3 class=\"item--title case-animate-time st-default \" data-wow-delay=\"ms\">\r\n        <span>Equipo de trabajo<\/span>    <\/h3>\r\n<\/div>\r\n\r\n\t\t<\/div>\n\t\t\t\t<\/div>\n\t\t            <\/div>\n        <\/div>\n                            <\/div>\n        <\/section>\n                <section class=\"elementor-section elementor-top-section elementor-element elementor-element-2044d35 elementor-section-stretched elementor-section-boxed elementor-section-height-default elementor-section-height-default ct-header-fixed-none header-none c1230-none c1350-none c1390-none c1450-none ct-column-none ct-row-scroll-none\" data-id=\"2044d35\" data-element_type=\"section\" data-settings=\"{&quot;stretch_section&quot;:&quot;section-stretched&quot;}\">\n            \n                        <div class=\"elementor-container elementor-column-gap-default \">\n                    <div class=\"elementor-column elementor-col-50 elementor-top-column elementor-element elementor-element-5df10f1 ct-column-none col-offset-none\" data-id=\"5df10f1\" data-element_type=\"column\">\n            <div class=\"elementor-widget-wrap elementor-element-populated\">\n                        \t\t<div class=\"elementor-element elementor-element-89ab087 elementor-widget elementor-widget-ct_text_editor\" data-id=\"89ab087\" data-element_type=\"widget\" data-widget_type=\"ct_text_editor.default\">\n\t\t\t\t<div class=\"elementor-widget-container\">\n\t\t\t<div id=\"ct_text_editor-89ab087\" class=\"ct-text-editor \" data-wow-delay=\"ms\">\n\t<div class=\"ct-inline-css\"  data-css=\"\n        \t\t\">\n\n    <\/div>\n\t<div class=\"ct-text-editor elementor-clearfix\">\n\t\t<p><strong>Investigador Principal:<\/strong><\/p>\n<ul style=\"font-size: 17px\">\n<li>Profesional<\/li>\n<\/ul>\n<p><strong>Colaboradores:<\/strong><\/p>\n<ul style=\"font-size: 17px\">\n<li>Profesional<\/li>\n<li>Profesional<\/li>\n<li>Profesional<\/li>\n<li>Profesional<\/li>\n<\/ul>\t\t\n\t<\/div>\n<\/div>\t\t<\/div>\n\t\t\t\t<\/div>\n\t\t            <\/div>\n        <\/div>\n                <div class=\"elementor-column elementor-col-50 elementor-top-column elementor-element elementor-element-4cc5d9b ct-column-none col-offset-none\" data-id=\"4cc5d9b\" data-element_type=\"column\">\n            <div class=\"elementor-widget-wrap elementor-element-populated\">\n                        \t\t<div class=\"elementor-element elementor-element-94169d9 elementor-widget elementor-widget-ct_text_editor\" data-id=\"94169d9\" data-element_type=\"widget\" data-widget_type=\"ct_text_editor.default\">\n\t\t\t\t<div class=\"elementor-widget-container\">\n\t\t\t<div id=\"ct_text_editor-94169d9\" class=\"ct-text-editor \" data-wow-delay=\"ms\">\n\t<div class=\"ct-inline-css\"  data-css=\"\n        \t\t\">\n\n    <\/div>\n\t<div class=\"ct-text-editor elementor-clearfix\">\n\t\t<h3>Descripci\u00f3n del proyecto<\/h3>\n<p style=\"font-size: 17px\">Fundamentaci\u00f3n de las principales actividades del proyecto.<\/p>\n<h3 style=\"color: #640000\">Documentos Adjuntos:<\/h3>\n<ul style=\"font-size: 17px\">\n<li>PDF<\/li>\n<li>WORD<\/li>\n<li>HTML<\/li>\n<\/ul>\t\t\n\t<\/div>\n<\/div>\t\t<\/div>\n\t\t\t\t<\/div>\n\t\t            <\/div>\n        <\/div>\n                            <\/div>\n        <\/section>\n                <section class=\"elementor-section elementor-top-section elementor-element elementor-element-c8feb16 elementor-section-boxed elementor-section-height-default elementor-section-height-default ct-header-fixed-none header-none c1230-none c1350-none c1390-none c1450-none ct-column-none ct-row-scroll-none\" data-id=\"c8feb16\" data-element_type=\"section\">\n            \n                        <div class=\"elementor-container elementor-column-gap-default \">\n                    <div class=\"elementor-column elementor-col-100 elementor-top-column elementor-element elementor-element-b514b12 ct-column-none col-offset-none\" data-id=\"b514b12\" data-element_type=\"column\">\n            <div class=\"elementor-widget-wrap elementor-element-populated\">\n                        \t\t<div class=\"elementor-element elementor-element-5ca91ed elementor-widget elementor-widget-ct_heading\" data-id=\"5ca91ed\" data-element_type=\"widget\" data-widget_type=\"ct_heading.default\">\n\t\t\t\t<div class=\"elementor-widget-container\">\n\t\t\t<div class=\"ct-heading h-align- item-st-default\">\r\n\t\t\t<div class=\"item--sub-title style-default\">\r\n            <span>\r\n                                Proyecto de Investigaci\u00f3n            <\/span>\r\n        <\/div>\r\n\t    <h3 class=\"item--title case-animate-time st-default \" data-wow-delay=\"ms\">\r\n        <span>Galer\u00eda<\/span>    <\/h3>\r\n<\/div>\r\n\r\n\t\t<\/div>\n\t\t\t\t<\/div>\n\t\t\t\t<div class=\"elementor-element elementor-element-056c843 elementor-widget elementor-widget-ct_gallery_carousel\" data-id=\"056c843\" data-element_type=\"widget\" data-widget_type=\"ct_gallery_carousel.default\">\n\t\t\t\t<div class=\"elementor-widget-container\">\n\t\t\t    <div class=\"ct-gallery-carousel1 ct-slick-slider\">\r\n        <div class=\"ct-carousel-inner\">\r\n            <div class=\"ct-slick-carousel ct-arrow-middle\" data-arrows=\"\" data-dots=\"\" data-pauseOnHover=\"\" data-autoplay=\"\" data-autoplaySpeed=\"5000\" data-infinite=\"\" data-speed=\"500\" data-colxs=\"1\" data-colsm=\"2\" data-colmd=\"3\" data-collg=\"3\" data-colxl=\"3\" data-dir=\"false\" data-slidesToScroll=\"1\">\r\n                                    <div class=\"slick-slide\">\r\n                        <a href=\"https:\/\/vri.unat.edu.pe\/inci\/wp-content\/uploads\/2025\/11\/005676b619ce505d6ef74e21e1092204.gif\">\r\n                            <img decoding=\"async\" class=\"\" src=\"https:\/\/vri.unat.edu.pe\/inci\/wp-content\/uploads\/2025\/11\/005676b619ce505d6ef74e21e1092204-1294x674.gif\" width=\"1294\" height=\"674\" alt=\"005676b619ce505d6ef74e21e1092204\" title=\"005676b619ce505d6ef74e21e1092204\" \/>                        <\/a>\r\n                    <\/div>\r\n                                    <div class=\"slick-slide\">\r\n                        <a href=\"https:\/\/vri.unat.edu.pe\/inci\/wp-content\/uploads\/2025\/11\/evaluacion-oferta-educativa.gif\">\r\n                            <img decoding=\"async\" class=\"\" src=\"https:\/\/vri.unat.edu.pe\/inci\/wp-content\/uploads\/2025\/11\/evaluacion-oferta-educativa.gif\" width=\"500\" height=\"320\" alt=\"evaluacion-oferta-educativa\" title=\"evaluacion-oferta-educativa\" \/>                        <\/a>\r\n                    <\/div>\r\n                                    <div class=\"slick-slide\">\r\n                        <a href=\"https:\/\/vri.unat.edu.pe\/inci\/wp-content\/uploads\/2025\/11\/evaluacion-rdd.gif\">\r\n                            <img decoding=\"async\" class=\"\" src=\"https:\/\/vri.unat.edu.pe\/inci\/wp-content\/uploads\/2025\/11\/evaluacion-rdd.gif\" width=\"500\" height=\"400\" alt=\"evaluacion-rdd\" title=\"evaluacion-rdd\" \/>                        <\/a>\r\n                    <\/div>\r\n                            <\/div>\r\n        <\/div>\r\n    <\/div>\r\n\t\t<\/div>\n\t\t\t\t<\/div>\n\t\t            <\/div>\n        <\/div>\n                            <\/div>\n        <\/section>\n        \t\t\t\t\t<\/div>\n\t\t","protected":false},"excerpt":{"rendered":"<p>PROYECTO CULMINADO Universidad Nacional Aut\u00f3noma de Tayacaja Daniel Hern\u00e1ndez Morillo Diciembre 2025 Proyecto de Investigaci\u00f3n Equipo de trabajo Investigador Principal: Profesional Colaboradores: Profesional Profesional Profesional Profesional Descripci\u00f3n del proyecto Fundamentaci\u00f3n de las principales actividades del proyecto. Documentos Adjuntos: PDF WORD HTML Proyecto de Investigaci\u00f3n Galer\u00eda<\/p>\n","protected":false},"author":1,"featured_media":0,"parent":0,"menu_order":0,"comment_status":"closed","ping_status":"closed","template":"","meta":{"footnotes":""},"class_list":["post-11370","page","type-page","status-publish","hentry"],"_links":{"self":[{"href":"https:\/\/vri.unat.edu.pe\/inci\/wp-json\/wp\/v2\/pages\/11370","targetHints":{"allow":["GET"]}}],"collection":[{"href":"https:\/\/vri.unat.edu.pe\/inci\/wp-json\/wp\/v2\/pages"}],"about":[{"href":"https:\/\/vri.unat.edu.pe\/inci\/wp-json\/wp\/v2\/types\/page"}],"author":[{"embeddable":true,"href":"https:\/\/vri.unat.edu.pe\/inci\/wp-json\/wp\/v2\/users\/1"}],"replies":[{"embeddable":true,"href":"https:\/\/vri.unat.edu.pe\/inci\/wp-json\/wp\/v2\/comments?post=11370"}],"version-history":[{"count":65,"href":"https:\/\/vri.unat.edu.pe\/inci\/wp-json\/wp\/v2\/pages\/11370\/revisions"}],"predecessor-version":[{"id":11922,"href":"https:\/\/vri.unat.edu.pe\/inci\/wp-json\/wp\/v2\/pages\/11370\/revisions\/11922"}],"wp:attachment":[{"href":"https:\/\/vri.unat.edu.pe\/inci\/wp-json\/wp\/v2\/media?parent=11370"}],"curies":[{"name":"wp","href":"https:\/\/api.w.org\/{rel}","templated":true}]}}