{"id":11840,"date":"2026-03-09T15:11:33","date_gmt":"2026-03-09T15:11:33","guid":{"rendered":"https:\/\/vri.unat.edu.pe\/inci\/?page_id=11840"},"modified":"2026-03-09T15:43:29","modified_gmt":"2026-03-09T15:43:29","slug":"reglamentos","status":"publish","type":"page","link":"https:\/\/vri.unat.edu.pe\/inci\/reglamentos\/","title":{"rendered":"Reglamentos"},"content":{"rendered":"\t\t<div data-elementor-type=\"wp-page\" data-elementor-id=\"11840\" class=\"elementor elementor-11840\">\n\t\t\t\t\t\t\t        <section class=\"elementor-section elementor-top-section elementor-element elementor-element-d9c8690 elementor-section-boxed elementor-section-height-default elementor-section-height-default ct-header-fixed-none header-none c1230-none c1350-none c1390-none c1450-none ct-column-none ct-row-scroll-none\" data-id=\"d9c8690\" data-element_type=\"section\">\n            \n                        <div class=\"elementor-container elementor-column-gap-default \">\n                    <div class=\"elementor-column elementor-col-100 elementor-top-column elementor-element elementor-element-053c4c9 ct-column-none col-offset-none\" data-id=\"053c4c9\" data-element_type=\"column\">\n            <div class=\"elementor-widget-wrap elementor-element-populated\">\n                        \t\t<div class=\"elementor-element elementor-element-281c8de elementor-widget elementor-widget-ct_heading\" data-id=\"281c8de\" data-element_type=\"widget\" data-widget_type=\"ct_heading.default\">\n\t\t\t\t<div class=\"elementor-widget-container\">\n\t\t\t<div class=\"ct-heading h-align- item-st-default\">\r\n\t\t\t<div class=\"item--sub-title style-default\">\r\n            <span>\r\n                                INSTITUTO DE INVESTIGACI\u00d3N            <\/span>\r\n        <\/div>\r\n\t    <h3 class=\"item--title case-animate-time st-default \" data-wow-delay=\"ms\">\r\n        <span>REGLAMENTOS Y NORMAS<\/span>    <\/h3>\r\n<\/div>\r\n\r\n\t\t<\/div>\n\t\t\t\t<\/div>\n\t\t            <\/div>\n        <\/div>\n                            <\/div>\n        <\/section>\n                <section class=\"elementor-section elementor-top-section elementor-element elementor-element-4854977 elementor-section-boxed elementor-section-height-default elementor-section-height-default ct-header-fixed-none header-none c1230-none c1350-none c1390-none c1450-none ct-column-none ct-row-scroll-none\" data-id=\"4854977\" data-element_type=\"section\">\n            \n                        <div class=\"elementor-container elementor-column-gap-default \">\n                    <div class=\"elementor-column elementor-col-50 elementor-top-column elementor-element elementor-element-21fb8a0 ct-column-none col-offset-none\" data-id=\"21fb8a0\" data-element_type=\"column\">\n            <div class=\"elementor-widget-wrap elementor-element-populated\">\n                        \t\t<div class=\"elementor-element elementor-element-cdbe6c3 elementor-widget elementor-widget-ct_list_ver2\" data-id=\"cdbe6c3\" data-element_type=\"widget\" data-widget_type=\"ct_list_ver2.default\">\n\t\t\t\t<div class=\"elementor-widget-container\">\n\t\t\t<div class=\"ct-list-ver2 \">\r\n\r\n            <div class=\"ct-list-icon\">\r\n            <i aria-hidden=\"true\" class=\"flaticon flaticon-layers\"><\/i>            <\/div>\r\n                <div class=\"ct-list-title\">\r\n            <h5>\r\n              Reglamentos  \r\n          <\/h5>\r\n          \r\n      <\/div>\r\n      <ul class=\"list-items\">\r\n                    <li class=\"ct-list-item \">\r\n                            <\/li>\r\n          \r\n    <\/ul>\r\n<\/div>\r\n\t\t<\/div>\n\t\t\t\t<\/div>\n\t\t\t\t<div class=\"elementor-element elementor-element-8e0583d elementor-icon-list--layout-traditional elementor-list-item-link-full_width elementor-widget elementor-widget-icon-list\" data-id=\"8e0583d\" data-element_type=\"widget\" data-widget_type=\"icon-list.default\">\n\t\t\t\t<div class=\"elementor-widget-container\">\n\t\t\t<link rel=\"stylesheet\" href=\"https:\/\/vri.unat.edu.pe\/inci\/wp-content\/plugins\/elementor\/assets\/css\/widget-icon-list.min.css\">\t\t<ul class=\"elementor-icon-list-items\">\n\t\t\t\t\t\t\t<li class=\"elementor-icon-list-item\">\n\t\t\t\t\t\t\t\t\t\t\t<a href=\"https:\/\/drive.google.com\/file\/d\/13OjH8Y0bhhC2bnXnjOySz7ZDI_LHajzY\/view\">\n\n\t\t\t\t\t\t\t\t\t\t\t\t<span class=\"elementor-icon-list-icon\">\n\t\t\t\t\t\t\t<i aria-hidden=\"true\" class=\"fas fa-book\"><\/i>\t\t\t\t\t\t<\/span>\n\t\t\t\t\t\t\t\t\t\t<span class=\"elementor-icon-list-text\">Reglamento del Docente Investigador (Versi\u00f3n 04 \u2013 2025)<\/span>\n\t\t\t\t\t\t\t\t\t\t\t<\/a>\n\t\t\t\t\t\t\t\t\t<\/li>\n\t\t\t\t\t\t\t\t<li class=\"elementor-icon-list-item\">\n\t\t\t\t\t\t\t\t\t\t\t<a href=\"https:\/\/drive.google.com\/file\/d\/1FHkTkO2Rl2VfUg7dcClJr5VhnRtR66bh\/view?usp=drive_link\">\n\n\t\t\t\t\t\t\t\t\t\t\t\t<span class=\"elementor-icon-list-icon\">\n\t\t\t\t\t\t\t<i aria-hidden=\"true\" class=\"fas fa-book\"><\/i>\t\t\t\t\t\t<\/span>\n\t\t\t\t\t\t\t\t\t\t<span class=\"elementor-icon-list-text\">Reglamento de Investigaci\u00f3n Formativa (Versi\u00f3n 03 \u2013 2025)<\/span>\n\t\t\t\t\t\t\t\t\t\t\t<\/a>\n\t\t\t\t\t\t\t\t\t<\/li>\n\t\t\t\t\t\t\t\t<li class=\"elementor-icon-list-item\">\n\t\t\t\t\t\t\t\t\t\t\t<a href=\"https:\/\/drive.google.com\/file\/d\/13r1JjeoS_UGUGoBg2JrsBsUxEti41vgt\/view?usp=drive_link\">\n\n\t\t\t\t\t\t\t\t\t\t\t\t<span class=\"elementor-icon-list-icon\">\n\t\t\t\t\t\t\t<i aria-hidden=\"true\" class=\"fas fa-book\"><\/i>\t\t\t\t\t\t<\/span>\n\t\t\t\t\t\t\t\t\t\t<span class=\"elementor-icon-list-text\">Reglamento General de Investigaci\u00f3n (Versi\u00f3n 00 \u2013 2025)<\/span>\n\t\t\t\t\t\t\t\t\t\t\t<\/a>\n\t\t\t\t\t\t\t\t\t<\/li>\n\t\t\t\t\t\t<\/ul>\n\t\t\t\t<\/div>\n\t\t\t\t<\/div>\n\t\t            <\/div>\n        <\/div>\n                <div class=\"elementor-column elementor-col-50 elementor-top-column elementor-element elementor-element-99f2f23 ct-column-none col-offset-none\" data-id=\"99f2f23\" data-element_type=\"column\">\n            <div class=\"elementor-widget-wrap elementor-element-populated\">\n                        \t\t<div class=\"elementor-element elementor-element-3201393 elementor-widget elementor-widget-ct_list_ver2\" data-id=\"3201393\" data-element_type=\"widget\" data-widget_type=\"ct_list_ver2.default\">\n\t\t\t\t<div class=\"elementor-widget-container\">\n\t\t\t<div class=\"ct-list-ver2 \">\r\n\r\n            <div class=\"ct-list-icon\">\r\n            <i aria-hidden=\"true\" class=\"flaticon flaticon-layers\"><\/i>            <\/div>\r\n                <div class=\"ct-list-title\">\r\n            <h5>\r\n              Normas  \r\n          <\/h5>\r\n          \r\n      <\/div>\r\n      <ul class=\"list-items\">\r\n                    <li class=\"ct-list-item \">\r\n                            <\/li>\r\n          \r\n    <\/ul>\r\n<\/div>\r\n\t\t<\/div>\n\t\t\t\t<\/div>\n\t\t\t\t<div class=\"elementor-element elementor-element-f6d0bac elementor-icon-list--layout-traditional elementor-list-item-link-full_width elementor-widget elementor-widget-icon-list\" data-id=\"f6d0bac\" data-element_type=\"widget\" data-widget_type=\"icon-list.default\">\n\t\t\t\t<div class=\"elementor-widget-container\">\n\t\t\t\t\t<ul class=\"elementor-icon-list-items\">\n\t\t\t\t\t\t\t<li class=\"elementor-icon-list-item\">\n\t\t\t\t\t\t\t\t\t\t\t<a href=\"https:\/\/drive.google.com\/file\/d\/1FHkTkO2Rl2VfUg7dcClJr5VhnRtR66bh\/view?usp=drive_link\">\n\n\t\t\t\t\t\t\t\t\t\t\t\t<span class=\"elementor-icon-list-icon\">\n\t\t\t\t\t\t\t<i aria-hidden=\"true\" class=\"fas fa-book\"><\/i>\t\t\t\t\t\t<\/span>\n\t\t\t\t\t\t\t\t\t\t<span class=\"elementor-icon-list-text\">C\u00f3digo de \u00c9tica para la Investigaci\u00f3n (Versi\u00f3n 00 \u2013 2025)<\/span>\n\t\t\t\t\t\t\t\t\t\t\t<\/a>\n\t\t\t\t\t\t\t\t\t<\/li>\n\t\t\t\t\t\t\t\t<li class=\"elementor-icon-list-item\">\n\t\t\t\t\t\t\t\t\t\t\t<a href=\"https:\/\/drive.google.com\/file\/d\/1FHkTkO2Rl2VfUg7dcClJr5VhnRtR66bh\/view?usp=drive_link\">\n\n\t\t\t\t\t\t\t\t\t\t\t\t<span class=\"elementor-icon-list-icon\">\n\t\t\t\t\t\t\t<i aria-hidden=\"true\" class=\"fas fa-book\"><\/i>\t\t\t\t\t\t<\/span>\n\t\t\t\t\t\t\t\t\t\t<span class=\"elementor-icon-list-text\">Directiva de Pasant\u00eda y Movilidad Docente en Investigaci\u00f3n (Versi\u00f3n 00 \u2013 2025)<\/span>\n\t\t\t\t\t\t\t\t\t\t\t<\/a>\n\t\t\t\t\t\t\t\t\t<\/li>\n\t\t\t\t\t\t\t\t<li class=\"elementor-icon-list-item\">\n\t\t\t\t\t\t\t\t\t\t\t<a href=\"https:\/\/drive.google.com\/file\/d\/1lCnj9GhsqmGn6QndWixT5C4AsRxIT6qF\/view?usp=drive_link\">\n\n\t\t\t\t\t\t\t\t\t\t\t\t<span class=\"elementor-icon-list-icon\">\n\t\t\t\t\t\t\t<i aria-hidden=\"true\" class=\"fas fa-book\"><\/i>\t\t\t\t\t\t<\/span>\n\t\t\t\t\t\t\t\t\t\t<span class=\"elementor-icon-list-text\">Directiva de Apoyo a la Publicaci\u00f3n de Art\u00edculos Cient\u00edficos (Versi\u00f3n 00 \u2013 2025)<\/span>\n\t\t\t\t\t\t\t\t\t\t\t<\/a>\n\t\t\t\t\t\t\t\t\t<\/li>\n\t\t\t\t\t\t<\/ul>\n\t\t\t\t<\/div>\n\t\t\t\t<\/div>\n\t\t            <\/div>\n        <\/div>\n                            <\/div>\n        <\/section>\n        \t\t\t\t\t<\/div>\n\t\t","protected":false},"excerpt":{"rendered":"<p>INSTITUTO DE INVESTIGACI\u00d3N REGLAMENTOS Y NORMAS Reglamentos Reglamento del Docente Investigador (Versi\u00f3n 04 \u2013 2025) Reglamento de Investigaci\u00f3n Formativa (Versi\u00f3n 03 \u2013 2025) Reglamento General de Investigaci\u00f3n (Versi\u00f3n 00 \u2013 2025) Normas C\u00f3digo de \u00c9tica para la Investigaci\u00f3n (Versi\u00f3n 00 \u2013 2025) Directiva de Pasant\u00eda y Movilidad Docente en Investigaci\u00f3n (Versi\u00f3n 00 \u2013 2025) Directiva [&hellip;]<\/p>\n","protected":false},"author":1,"featured_media":0,"parent":0,"menu_order":0,"comment_status":"closed","ping_status":"closed","template":"","meta":{"footnotes":""},"class_list":["post-11840","page","type-page","status-publish","hentry"],"_links":{"self":[{"href":"https:\/\/vri.unat.edu.pe\/inci\/wp-json\/wp\/v2\/pages\/11840","targetHints":{"allow":["GET"]}}],"collection":[{"href":"https:\/\/vri.unat.edu.pe\/inci\/wp-json\/wp\/v2\/pages"}],"about":[{"href":"https:\/\/vri.unat.edu.pe\/inci\/wp-json\/wp\/v2\/types\/page"}],"author":[{"embeddable":true,"href":"https:\/\/vri.unat.edu.pe\/inci\/wp-json\/wp\/v2\/users\/1"}],"replies":[{"embeddable":true,"href":"https:\/\/vri.unat.edu.pe\/inci\/wp-json\/wp\/v2\/comments?post=11840"}],"version-history":[{"count":4,"href":"https:\/\/vri.unat.edu.pe\/inci\/wp-json\/wp\/v2\/pages\/11840\/revisions"}],"predecessor-version":[{"id":11851,"href":"https:\/\/vri.unat.edu.pe\/inci\/wp-json\/wp\/v2\/pages\/11840\/revisions\/11851"}],"wp:attachment":[{"href":"https:\/\/vri.unat.edu.pe\/inci\/wp-json\/wp\/v2\/media?parent=11840"}],"curies":[{"name":"wp","href":"https:\/\/api.w.org\/{rel}","templated":true}]}}