{"id":498,"date":"2021-10-28T04:47:19","date_gmt":"2021-10-28T04:47:19","guid":{"rendered":"https:\/\/demo.bravisthemes.com\/muntech\/?page_id=498"},"modified":"2026-03-05T21:49:59","modified_gmt":"2026-03-05T21:49:59","slug":"contactenos","status":"publish","type":"page","link":"https:\/\/vri.unat.edu.pe\/inci\/contactenos\/","title":{"rendered":"Cont\u00e1ctenos"},"content":{"rendered":"\t\t<div data-elementor-type=\"wp-page\" data-elementor-id=\"498\" class=\"elementor elementor-498\">\n\t\t\t\t\t\t\t        <section class=\"elementor-section elementor-top-section elementor-element elementor-element-38abd61 elementor-section-stretched elementor-section-full_width elementor-section-height-default elementor-section-height-default ct-header-fixed-none header-none c1230-none c1350-none c1390-none c1450-none ct-column-none ct-row-scroll-none\" data-id=\"38abd61\" data-element_type=\"section\" data-settings=\"{&quot;stretch_section&quot;:&quot;section-stretched&quot;}\">\n            \n                        <div class=\"elementor-container elementor-column-gap-default \">\n                    <div class=\"elementor-column elementor-col-100 elementor-top-column elementor-element elementor-element-92be0cb ct-column-none col-offset-none\" data-id=\"92be0cb\" data-element_type=\"column\">\n            <div class=\"elementor-widget-wrap elementor-element-populated\">\n                                <section class=\"elementor-section elementor-inner-section elementor-element elementor-element-c3dbb0d elementor-section-boxed elementor-section-height-default elementor-section-height-default ct-header-fixed-none header-none c1230-none c1350-none c1390-none c1450-none ct-column-none ct-row-scroll-none\" data-id=\"c3dbb0d\" data-element_type=\"section\">\n            \n                        <div class=\"elementor-container elementor-column-gap-default \">\n                    <div class=\"elementor-column elementor-col-33 elementor-inner-column elementor-element elementor-element-ea83f57 ct-column-none col-offset-none\" data-id=\"ea83f57\" data-element_type=\"column\" data-settings=\"{&quot;background_background&quot;:&quot;classic&quot;}\">\n            <div class=\"elementor-widget-wrap elementor-element-populated\">\n                        \t\t<div class=\"elementor-element elementor-element-a8b653e elementor-invisible elementor-widget elementor-widget-ct_info_box\" data-id=\"a8b653e\" data-element_type=\"widget\" data-settings=\"{&quot;_animation&quot;:&quot;zoomIn&quot;}\" data-widget_type=\"ct_info_box.default\">\n\t\t\t\t<div class=\"elementor-widget-container\">\n\t\t\t<div class=\"ct-info-box ct-info-box1 \" data-wow-delay=\"ms\">\r\n\t\t\t<div class=\"ct-info-icon\">\r\n\t        <i aria-hidden=\"true\" class=\"flaticon flaticon-map\"><\/i>\t                <\/div>\r\n    \t<div class=\"ct-info-holder\">\r\n\t\t<h4 class=\"ct-info-title\">Sede Administrativa<\/h4>\r\n\t\t<div class=\"ct-info-desc\">Pabell\u00f3n Escuela Profesional de Ing. en Industrias Alimentarias\n2do Piso\n<\/div>\r\n\t<\/div>\r\n<\/div>\t\t<\/div>\n\t\t\t\t<\/div>\n\t\t\t\t<div class=\"elementor-element elementor-element-67ca957 elementor-invisible elementor-widget elementor-widget-ct_info_box\" data-id=\"67ca957\" data-element_type=\"widget\" data-settings=\"{&quot;_animation&quot;:&quot;zoomIn&quot;,&quot;_animation_delay&quot;:500}\" data-widget_type=\"ct_info_box.default\">\n\t\t\t\t<div class=\"elementor-widget-container\">\n\t\t\t<div class=\"ct-info-box ct-info-box1 \" data-wow-delay=\"ms\">\r\n\t\t\t<div class=\"ct-info-icon\">\r\n\t        <i aria-hidden=\"true\" class=\"flaticon flaticon-map\"><\/i>\t                <\/div>\r\n    \t<div class=\"ct-info-holder\">\r\n\t\t<h4 class=\"ct-info-title\">Sede Acad\u00e9mica<\/h4>\r\n\t\t<div class=\"ct-info-desc\">Ciudad Universitaria Ahuaycha, Tayacaja, Huancavelica<\/div>\r\n\t<\/div>\r\n<\/div>\t\t<\/div>\n\t\t\t\t<\/div>\n\t\t            <\/div>\n        <\/div>\n                <div class=\"elementor-column elementor-col-33 elementor-inner-column elementor-element elementor-element-57de5e7 ct-column-none col-offset-none\" data-id=\"57de5e7\" data-element_type=\"column\" data-settings=\"{&quot;background_background&quot;:&quot;classic&quot;}\">\n            <div class=\"elementor-widget-wrap elementor-element-populated\">\n                        \t\t<div class=\"elementor-element elementor-element-b20a29e elementor-invisible elementor-widget elementor-widget-ct_info_box\" data-id=\"b20a29e\" data-element_type=\"widget\" data-settings=\"{&quot;_animation&quot;:&quot;zoomIn&quot;,&quot;_animation_delay&quot;:300}\" data-widget_type=\"ct_info_box.default\">\n\t\t\t\t<div class=\"elementor-widget-container\">\n\t\t\t<div class=\"ct-info-box ct-info-box1 \" data-wow-delay=\"ms\">\r\n\t\t\t<div class=\"ct-info-icon\">\r\n\t        <i aria-hidden=\"true\" class=\"flaticon flaticon-phone\"><\/i>\t                <\/div>\r\n    \t<div class=\"ct-info-holder\">\r\n\t\t<h4 class=\"ct-info-title\">cont\u00e1ctenos<\/h4>\r\n\t\t<div class=\"ct-info-desc\"><span>Cell 1 :<\/span>  +51 967 158 683<\/div>\r\n\t<\/div>\r\n<\/div>\t\t<\/div>\n\t\t\t\t<\/div>\n\t\t\t\t<div class=\"elementor-element elementor-element-8f1d628 elementor-widget__width-initial elementor-invisible elementor-widget elementor-widget-ct_info_box\" data-id=\"8f1d628\" data-element_type=\"widget\" data-settings=\"{&quot;_animation&quot;:&quot;zoomIn&quot;,&quot;_animation_delay&quot;:600}\" data-widget_type=\"ct_info_box.default\">\n\t\t\t\t<div class=\"elementor-widget-container\">\n\t\t\t<div class=\"ct-info-box ct-info-box1 \" data-wow-delay=\"ms\">\r\n\t\t\t<div class=\"ct-info-icon\">\r\n\t        <i aria-hidden=\"true\" class=\"flaticon flaticon-email\"><\/i>\t                <\/div>\r\n    \t<div class=\"ct-info-holder\">\r\n\t\t<h4 class=\"ct-info-title\">Correo oficial<\/h4>\r\n\t\t<div class=\"ct-info-desc\">direccion.instituto.investigacion@unat.edu.pe<\/div>\r\n\t<\/div>\r\n<\/div>\t\t<\/div>\n\t\t\t\t<\/div>\n\t\t            <\/div>\n        <\/div>\n                <div class=\"elementor-column elementor-col-33 elementor-inner-column elementor-element elementor-element-bd3ccee ct-column-none col-offset-none\" data-id=\"bd3ccee\" data-element_type=\"column\" data-settings=\"{&quot;background_background&quot;:&quot;classic&quot;}\">\n            <div class=\"elementor-widget-wrap elementor-element-populated\">\n                        \t\t<div class=\"elementor-element elementor-element-cff8857 elementor-invisible elementor-widget elementor-widget-ct_heading\" data-id=\"cff8857\" data-element_type=\"widget\" data-settings=\"{&quot;_animation&quot;:&quot;fadeInUp&quot;}\" data-widget_type=\"ct_heading.default\">\n\t\t\t\t<div class=\"elementor-widget-container\">\n\t\t\t<div class=\"ct-heading h-align- item-st-default\">\r\n\t    <h3 class=\"item--title case-animate-time st-default \" data-wow-delay=\"ms\">\r\n        <span>Horario de trabajo<\/span>    <\/h3>\r\n<\/div>\r\n\r\n\t\t<\/div>\n\t\t\t\t<\/div>\n\t\t\t\t<div class=\"elementor-element elementor-element-0749621 elementor-invisible elementor-widget elementor-widget-ct_text_editor\" data-id=\"0749621\" data-element_type=\"widget\" data-settings=\"{&quot;_animation&quot;:&quot;fadeInUp&quot;,&quot;_animation_delay&quot;:200}\" data-widget_type=\"ct_text_editor.default\">\n\t\t\t\t<div class=\"elementor-widget-container\">\n\t\t\t<div id=\"ct_text_editor-0749621\" class=\"ct-text-editor \" data-wow-delay=\"ms\">\n\t<div class=\"ct-inline-css\"  data-css=\"\n        \t\t\">\n\n    <\/div>\n\t<div class=\"ct-text-editor elementor-clearfix\">\n\t\t<p>Lunes &#8211; Viernes : 08 am &#8211; 16:00 pm<\/p>\t\t\n\t<\/div>\n<\/div>\t\t<\/div>\n\t\t\t\t<\/div>\n\t\t\t\t<div class=\"elementor-element elementor-element-656ed98 elementor-invisible elementor-widget elementor-widget-ct_text_editor\" data-id=\"656ed98\" data-element_type=\"widget\" data-settings=\"{&quot;_animation&quot;:&quot;fadeInUp&quot;,&quot;_animation_delay&quot;:300}\" data-widget_type=\"ct_text_editor.default\">\n\t\t\t\t<div class=\"elementor-widget-container\">\n\t\t\t<div id=\"ct_text_editor-656ed98\" class=\"ct-text-editor \" data-wow-delay=\"ms\">\n\t<div class=\"ct-inline-css\"  data-css=\"\n        \t\t\">\n\n    <\/div>\n\t<div class=\"ct-text-editor elementor-clearfix\">\n\t\t<p>UNAT 2026<\/p>\t\t\n\t<\/div>\n<\/div>\t\t<\/div>\n\t\t\t\t<\/div>\n\t\t\t\t<div class=\"elementor-element elementor-element-7ea3343 elementor-invisible elementor-widget elementor-widget-ct_text_editor\" data-id=\"7ea3343\" data-element_type=\"widget\" data-settings=\"{&quot;_animation&quot;:&quot;fadeInUp&quot;,&quot;_animation_delay&quot;:300}\" data-widget_type=\"ct_text_editor.default\">\n\t\t\t\t<div class=\"elementor-widget-container\">\n\t\t\t<div id=\"ct_text_editor-7ea3343\" class=\"ct-text-editor \" data-wow-delay=\"ms\">\n\t<div class=\"ct-inline-css\"  data-css=\"\n        \t\t\">\n\n    <\/div>\n\t<div class=\"ct-text-editor elementor-clearfix\">\n\t\t<p>Instituto de Investigaci\u00f3n<\/p>\t\t\n\t<\/div>\n<\/div>\t\t<\/div>\n\t\t\t\t<\/div>\n\t\t\t\t<div class=\"elementor-element elementor-element-310aec9 elementor-invisible elementor-widget elementor-widget-ct_button\" data-id=\"310aec9\" data-element_type=\"widget\" data-settings=\"{&quot;_animation&quot;:&quot;fadeInUp&quot;,&quot;_animation_delay&quot;:300}\" data-widget_type=\"ct_button.default\">\n\t\t\t\t<div class=\"elementor-widget-container\">\n\t\t\t<div id=\"ct_button-310aec9\" class=\"ct-button-wrapper ct-button-layout1\">\r\n    <div class=\"ct-inline-css\"  data-css=\"\r\n        \">\r\n    <\/div>\r\n\r\n            <span class=\"ct-icon-active\"><\/span>\r\n        <a href=\"https:\/\/wa.me\/51967158683\" class=\"btn btn-primary btn-animate  icon-ps-left \" data-wow-delay=\"ms\">\r\n                            <span class=\"ct-button-icon ct-align-icon-left\">\r\n                            <\/span>\r\n                <span class=\"ct-button-text\">Contactenos<\/span>\r\n    <\/a>\r\n<\/div>\t\t<\/div>\n\t\t\t\t<\/div>\n\t\t            <\/div>\n        <\/div>\n                            <\/div>\n        <\/section>\n                    <\/div>\n        <\/div>\n                            <\/div>\n        <\/section>\n                <section class=\"elementor-section elementor-top-section elementor-element elementor-element-764ffaf elementor-section-full_width elementor-section-stretched elementor-section-height-default elementor-section-height-default ct-header-fixed-none header-none c1230-none c1350-none c1390-none c1450-none ct-column-none ct-row-scroll-none\" data-id=\"764ffaf\" data-element_type=\"section\" data-settings=\"{&quot;stretch_section&quot;:&quot;section-stretched&quot;}\">\n            \n                        <div class=\"elementor-container elementor-column-gap-default \">\n                    <div class=\"elementor-column elementor-col-100 elementor-top-column elementor-element elementor-element-815c834 ct-column-none col-offset-none\" data-id=\"815c834\" data-element_type=\"column\">\n            <div class=\"elementor-widget-wrap elementor-element-populated\">\n                        \t\t<div class=\"elementor-element elementor-element-3711718 elementor-invisible elementor-widget elementor-widget-google_maps\" data-id=\"3711718\" data-element_type=\"widget\" data-settings=\"{&quot;_animation&quot;:&quot;zoomIn&quot;}\" data-widget_type=\"google_maps.default\">\n\t\t\t\t<div class=\"elementor-widget-container\">\n\t\t\t<style>\/*! elementor - v3.14.0 - 26-06-2023 *\/\n.elementor-widget-google_maps .elementor-widget-container{overflow:hidden}.elementor-widget-google_maps .elementor-custom-embed{line-height:0}.elementor-widget-google_maps iframe{height:300px}<\/style>\t\t<div class=\"elementor-custom-embed\">\n\t\t\t<iframe loading=\"lazy\"\n\t\t\t\t\tsrc=\"https:\/\/maps.google.com\/maps?q=Ciudad%20universitaria%20UNAT%2C%20Ahuaycha%2CHuancavelica%2C%20Pampas&#038;t=m&#038;z=14&#038;output=embed&#038;iwloc=near\"\n\t\t\t\t\ttitle=\"Ciudad universitaria UNAT, Ahuaycha,Huancavelica, Pampas\"\n\t\t\t\t\taria-label=\"Ciudad universitaria UNAT, Ahuaycha,Huancavelica, Pampas\"\n\t\t\t><\/iframe>\n\t\t<\/div>\n\t\t\t\t<\/div>\n\t\t\t\t<\/div>\n\t\t            <\/div>\n        <\/div>\n                            <\/div>\n        <\/section>\n        \t\t\t\t\t<\/div>\n\t\t","protected":false},"excerpt":{"rendered":"<p>Sede Administrativa Pabell\u00f3n Escuela Profesional de Ing. en Industrias Alimentarias 2do Piso Sede Acad\u00e9mica Ciudad Universitaria Ahuaycha, Tayacaja, Huancavelica cont\u00e1ctenos Cell 1 : +51 967 158 683 Correo oficial direccion.instituto.investigacion@unat.edu.pe Horario de trabajo Lunes &#8211; Viernes : 08 am &#8211; 16:00 pm UNAT 2026 Instituto de Investigaci\u00f3n Contactenos<\/p>\n","protected":false},"author":1,"featured_media":0,"parent":0,"menu_order":0,"comment_status":"closed","ping_status":"closed","template":"","meta":{"footnotes":""},"class_list":["post-498","page","type-page","status-publish","hentry"],"_links":{"self":[{"href":"https:\/\/vri.unat.edu.pe\/inci\/wp-json\/wp\/v2\/pages\/498","targetHints":{"allow":["GET"]}}],"collection":[{"href":"https:\/\/vri.unat.edu.pe\/inci\/wp-json\/wp\/v2\/pages"}],"about":[{"href":"https:\/\/vri.unat.edu.pe\/inci\/wp-json\/wp\/v2\/types\/page"}],"author":[{"embeddable":true,"href":"https:\/\/vri.unat.edu.pe\/inci\/wp-json\/wp\/v2\/users\/1"}],"replies":[{"embeddable":true,"href":"https:\/\/vri.unat.edu.pe\/inci\/wp-json\/wp\/v2\/comments?post=498"}],"version-history":[{"count":32,"href":"https:\/\/vri.unat.edu.pe\/inci\/wp-json\/wp\/v2\/pages\/498\/revisions"}],"predecessor-version":[{"id":11770,"href":"https:\/\/vri.unat.edu.pe\/inci\/wp-json\/wp\/v2\/pages\/498\/revisions\/11770"}],"wp:attachment":[{"href":"https:\/\/vri.unat.edu.pe\/inci\/wp-json\/wp\/v2\/media?parent=498"}],"curies":[{"name":"wp","href":"https:\/\/api.w.org\/{rel}","templated":true}]}}